{"id":84,"date":"2012-04-24T15:13:37","date_gmt":"2012-04-24T15:13:37","guid":{"rendered":"http:\/\/www.xn--maifscht-3za.ch.davinci.sui-inter.net\/?page_id=84"},"modified":"2012-04-30T13:01:12","modified_gmt":"2012-04-30T13:01:12","slug":"organisation","status":"publish","type":"page","link":"http:\/\/www.xn--maifscht-3za.ch\/?page_id=84","title":{"rendered":"Organisation"},"content":{"rendered":"<p style=\"text-align: center;\"><span style=\"font-size: large;\"><strong>Der Musikverein Euthal\u00a0w\u00fcrde sich freuen,\u00a0wenn Du den Weg zu uns ins Euthal<br \/>\n<\/strong><\/span><span style=\"font-size: large;\"><strong>ans Maif\u00e4scht findest.<\/strong><\/span>\u00a0<span style=\"font-size: large;\"><strong> Damit alles reibungslos abl\u00e4uft hier ein\u00a0paar organisatorische Dinge.<\/strong><\/span><\/p>\n<p><span style=\"font-size: medium;\"><strong>1. Parkpl\u00e4tze<\/strong><br \/>\n<\/span><span style=\"font-size: medium;\">Parkiere bitte Dein\u00a0Fahrzeug nicht einfach irgendwo, sondern\u00a0befolge\u00a0bitte die Parkanweisungen unseres Verkehrspersonals. <\/span><\/p>\n<p><span style=\"font-size: medium;\">Wir bitten Dich, keinen Abfall, Gl\u00e4ser und Flaschen auf die Strassen und in das angrenzende Wiesland zu entsorgen.\u00a0Der Abfall geh\u00f6rt in die bereitgestellten Abfalleimer.<\/span><\/p>\n<p><strong><span style=\"font-size: medium;\">2. Eintritt<br \/>\n<\/span><\/strong><span style=\"font-size: medium;\">Der Eintritt ist ab 16 Jahren. Es werden an der Kasse Ausweiskontrollen durchgef\u00fchrt. Bring darum unbedingt Deinen Ausweis mit. Es werden unterschiedlich farbige Eintrittsb\u00e4nder abgegeben.<\/span><\/p>\n<p><strong><span style=\"font-size: medium;\">3. Alkohol \/ Rauchen<br \/>\n<\/span><\/strong><span style=\"font-size: medium;\">Es werden keine Spiritousen an Festbesucher unter 18 Jahren verkauft. Es ist nicht gestattet in den R\u00e4umlichkeiten zu rauchen. Daf\u00fcr gibt es im Freien gen\u00fcgend Platz.<\/span><\/p>\n<p><strong><span style=\"font-size: medium;\">4. Verpflegung<br \/>\n<\/span><\/strong><span style=\"font-size: medium;\">Unser Team im\u00a0Grillstand wird\u00a0Dich mit diversen K\u00f6stlichkeiten verw\u00f6hnen k\u00f6nnen.<\/span><\/p>\n<p><span style=\"font-size: medium;\"><strong>5. Sanit\u00e4t<br \/>\n<\/strong><\/span><span style=\"font-size: medium;\">Die Sanit\u00e4t ist beim\u00a0Grillstand stationiert. Bitte dort melden, falls etwas geschieht.<\/span><\/p>\n<p><strong><span style=\"font-size: medium;\">6. Sicherheit<br \/>\n<\/span><\/strong><span style=\"font-size: medium;\">F\u00fcr Deine<\/span><span style=\"font-size: medium;\"> Sicherheit w\u00e4hrend der ganzen Festzeit sorgt wiederum ein bew\u00e4hrter Sicherheitsdienst.<\/span><\/p>\n<p><span style=\"font-size: medium;\"><strong>7. Shuttle Betrieb<\/strong><br \/>\nF\u00fcr die Heimkehr steht Dir\u00a0ein Heimbringbus zur Verf\u00fcgung.\u00a0Dieser wird Dich sicher in der Region Einsiedeln-Ybrig nach Hause bringen. <\/span><\/p>\n","protected":false},"excerpt":{"rendered":"<p>Der Musikverein Euthal\u00a0w\u00fcrde sich freuen,\u00a0wenn Du den Weg zu uns ins Euthal ans Maif\u00e4scht findest.\u00a0 Damit alles reibungslos abl\u00e4uft hier ein\u00a0paar organisatorische Dinge. 1. Parkpl\u00e4tze Parkiere bitte Dein\u00a0Fahrzeug nicht einfach irgendwo, sondern\u00a0befolge\u00a0bitte die Parkanweisungen unseres Verkehrspersonals. Wir bitten Dich, keinen Abfall, Gl\u00e4ser und Flaschen auf die Strassen und in das angrenzende Wiesland zu entsorgen.\u00a0Der Abfall [&hellip;]<\/p>\n","protected":false},"author":1,"featured_media":0,"parent":0,"menu_order":3,"comment_status":"closed","ping_status":"open","template":"","meta":{"_monsterinsights_skip_tracking":false,"_monsterinsights_sitenote_active":false,"_monsterinsights_sitenote_note":"","_monsterinsights_sitenote_category":0,"ngg_post_thumbnail":0,"footnotes":""},"class_list":["post-84","page","type-page","status-publish","hentry"],"_links":{"self":[{"href":"http:\/\/www.xn--maifscht-3za.ch\/index.php?rest_route=\/wp\/v2\/pages\/84","targetHints":{"allow":["GET"]}}],"collection":[{"href":"http:\/\/www.xn--maifscht-3za.ch\/index.php?rest_route=\/wp\/v2\/pages"}],"about":[{"href":"http:\/\/www.xn--maifscht-3za.ch\/index.php?rest_route=\/wp\/v2\/types\/page"}],"author":[{"embeddable":true,"href":"http:\/\/www.xn--maifscht-3za.ch\/index.php?rest_route=\/wp\/v2\/users\/1"}],"replies":[{"embeddable":true,"href":"http:\/\/www.xn--maifscht-3za.ch\/index.php?rest_route=%2Fwp%2Fv2%2Fcomments&post=84"}],"version-history":[{"count":29,"href":"http:\/\/www.xn--maifscht-3za.ch\/index.php?rest_route=\/wp\/v2\/pages\/84\/revisions"}],"predecessor-version":[{"id":143,"href":"http:\/\/www.xn--maifscht-3za.ch\/index.php?rest_route=\/wp\/v2\/pages\/84\/revisions\/143"}],"wp:attachment":[{"href":"http:\/\/www.xn--maifscht-3za.ch\/index.php?rest_route=%2Fwp%2Fv2%2Fmedia&parent=84"}],"curies":[{"name":"wp","href":"https:\/\/api.w.org\/{rel}","templated":true}]}}