{"id":74,"date":"2012-04-24T14:54:22","date_gmt":"2012-04-24T14:54:22","guid":{"rendered":"http:\/\/www.xn--maifscht-3za.ch.davinci.sui-inter.net\/?page_id=74"},"modified":"2015-04-24T20:18:10","modified_gmt":"2015-04-24T20:18:10","slug":"verpflegung","status":"publish","type":"page","link":"http:\/\/www.xn--maifscht-3za.ch\/?page_id=74","title":{"rendered":"Verpflegung"},"content":{"rendered":"<p style=\"text-align: center;\"><span style=\"font-size: x-large;\">F\u00fcr die Verpflegung ist nat\u00fcrlich auch gesorgt.<\/span><\/p>\n<p style=\"text-align: center;\"><span style=\"font-size: x-large;\">An unserem Wurststand verw\u00f6hnen wir Dich mit feinen K\u00f6stlichkeiten.<\/span><\/p>\n<p>&nbsp;<\/p>\n<p style=\"text-align: center;\"><span style=\"font-size: x-large;\">Cervelats, Bratw\u00fcrste, Glutw\u00fcrste, <\/span><span style=\"font-size: x-large;\">Hamburger und Schnitzelbrote<br \/>\n<\/span><span style=\"font-size: x-large;\">warten darauf verspeist zu werden. \u00c4 Guet\u00e4<\/span><\/p>\n<p>&nbsp;<\/p>\n<p style=\"text-align: center;\"><img loading=\"lazy\" decoding=\"async\" class=\"alignnone wp-image-123\" title=\"Bratw\u00fcrste\" src=\"http:\/\/www.xn--maifscht-3za.ch\/wp-content\/uploads\/2012\/04\/Bratw\u00fcrste1-477x320.jpg\" alt=\"\" width=\"305\" height=\"204\" srcset=\"http:\/\/www.xn--maifscht-3za.ch\/wp-content\/uploads\/2012\/04\/Bratw\u00fcrste1-477x320.jpg 477w, http:\/\/www.xn--maifscht-3za.ch\/wp-content\/uploads\/2012\/04\/Bratw\u00fcrste1-1024x686.jpg 1024w, http:\/\/www.xn--maifscht-3za.ch\/wp-content\/uploads\/2012\/04\/Bratw\u00fcrste1.jpg 1200w\" sizes=\"auto, (max-width: 305px) 100vw, 305px\" \/><\/p>\n<p style=\"text-align: left;\">\n","protected":false},"excerpt":{"rendered":"<p>F\u00fcr die Verpflegung ist nat\u00fcrlich auch gesorgt. An unserem Wurststand verw\u00f6hnen wir Dich mit feinen K\u00f6stlichkeiten. &nbsp; Cervelats, Bratw\u00fcrste, Glutw\u00fcrste, Hamburger und Schnitzelbrote warten darauf verspeist zu werden. \u00c4 Guet\u00e4 &nbsp;<\/p>\n","protected":false},"author":1,"featured_media":0,"parent":0,"menu_order":2,"comment_status":"closed","ping_status":"open","template":"","meta":{"_monsterinsights_skip_tracking":false,"_monsterinsights_sitenote_active":false,"_monsterinsights_sitenote_note":"","_monsterinsights_sitenote_category":0,"ngg_post_thumbnail":0,"footnotes":""},"class_list":["post-74","page","type-page","status-publish","hentry"],"_links":{"self":[{"href":"http:\/\/www.xn--maifscht-3za.ch\/index.php?rest_route=\/wp\/v2\/pages\/74","targetHints":{"allow":["GET"]}}],"collection":[{"href":"http:\/\/www.xn--maifscht-3za.ch\/index.php?rest_route=\/wp\/v2\/pages"}],"about":[{"href":"http:\/\/www.xn--maifscht-3za.ch\/index.php?rest_route=\/wp\/v2\/types\/page"}],"author":[{"embeddable":true,"href":"http:\/\/www.xn--maifscht-3za.ch\/index.php?rest_route=\/wp\/v2\/users\/1"}],"replies":[{"embeddable":true,"href":"http:\/\/www.xn--maifscht-3za.ch\/index.php?rest_route=%2Fwp%2Fv2%2Fcomments&post=74"}],"version-history":[{"count":21,"href":"http:\/\/www.xn--maifscht-3za.ch\/index.php?rest_route=\/wp\/v2\/pages\/74\/revisions"}],"predecessor-version":[{"id":322,"href":"http:\/\/www.xn--maifscht-3za.ch\/index.php?rest_route=\/wp\/v2\/pages\/74\/revisions\/322"}],"wp:attachment":[{"href":"http:\/\/www.xn--maifscht-3za.ch\/index.php?rest_route=%2Fwp%2Fv2%2Fmedia&parent=74"}],"curies":[{"name":"wp","href":"https:\/\/api.w.org\/{rel}","templated":true}]}}